{"id":13234,"date":"2026-03-23T07:37:04","date_gmt":"2026-03-23T07:37:04","guid":{"rendered":"https:\/\/easyledstore.it\/?post_type=product&#038;p=13234"},"modified":"2026-05-06T10:29:03","modified_gmt":"2026-05-06T10:29:03","slug":"led-modul-2-dioden","status":"publish","type":"product","link":"https:\/\/easyledstore.it\/de\/prodotto\/modulo-led-2-diodi\/","title":{"rendered":"LED-Modul 2 Dioden - 0,72 W 175\u00b0"},"content":{"rendered":"<p>Hocheffiziente LED 100 lm\/W 0.72W ( Wei\u00df ) - Kompaktheit und W\u00e4rme f\u00fcr Ihre Beschilderung<\/p>\n<p>Dieses LED-Modul ist die ideale L\u00f6sung, um gem\u00fctliche und raffinierte Atmosph\u00e4ren zu schaffen. Es wurde f\u00fcr eine gleichm\u00e4\u00dfige und zuverl\u00e4ssige Beleuchtung entwickelt und vereint Energieeffizienz, Witterungsbest\u00e4ndigkeit und einfache Installation.<\/p>\n<h2>Hauptmerkmale<\/h2>\n<p><strong>Lichtausbeute von 100 lm\/W:<\/strong>\u00a0Perfekt f\u00fcr helle, energiesparende Beleuchtung.<\/p>\n<p><strong>175\u00b0-Optik:\u00a0<\/strong>Sie bietet eine gleichm\u00e4\u00dfige Lichtstreuung und ist ideal f\u00fcr Kastenbuchstaben und Leuchtk\u00e4sten mit einer Tiefe von 5 bis 25 cm.<\/p>\n<p><strong>Resistenz gegen \u00e4u\u00dfere Einfl\u00fcsse:\u00a0<\/strong>Dank der Schutzart IP68 ist es f\u00fcr Au\u00dfeninstallationen geeignet und garantiert Staub- und Wasserdichtigkeit.<\/p>\n<p><strong>Qualit\u00e4tszertifikate:<\/strong>\u00a0Gepr\u00fcft nach dem LM80-Standard und CE-zertifiziert, ein Synonym f\u00fcr Zuverl\u00e4ssigkeit und Sicherheit.<\/p>\n<p><strong>Kompakte Bauweise:\u00a0<\/strong>Ausgestattet mit 2 LEDs pro Modul, passt es auch in die engsten R\u00e4ume.<\/p>\n<h2>Technische Daten<\/h2>\n<ul>\n<li><strong>Abmessungen:<\/strong>\u00a041,5 x 13 x 10,1 mm<\/li>\n<li><strong>Abstrahlwinkel:<\/strong>\u00a0175\u00b0<\/li>\n<li><strong>Betriebsspannung:\u00a0<\/strong>12V GLEICHSTROM<\/li>\n<li><strong>Verbrauch:<\/strong> 0,72 W pro Modul (wei\u00df) 0,60 W pro Modul (farbig)<\/li>\n<li><strong>Betriebstemperatur:<\/strong>\u00a0Von -20\u00b0C bis +45\u00b0C<\/li>\n<li><strong>Lagertemperatur:\u00a0<\/strong>-30\u00b0C bis +70\u00b0C<\/li>\n<li><strong>Wasserfall:<\/strong> Reihenschaltung von bis zu 100 Modulen<\/li>\n<\/ul>\n<h2>Empfohlene Anwendungen<\/h2>\n<p><strong>Briefe in Schachteln:<\/strong>\u00a0Ideal f\u00fcr die Gestaltung von Schildern mit warmer, gleichm\u00e4\u00dfiger Ausleuchtung.<\/p>\n<p><strong>Leuchtk\u00e4sten:<\/strong>\u00a0F\u00fcr Projekte, die ein weicheres, gem\u00fctlicheres Licht erfordern.<\/p>\n<p><strong>Installationen im Freien:<\/strong>\u00a0Dank der Schutzart IP68 eignet sich das Ger\u00e4t perfekt f\u00fcr Au\u00dfenanwendungen unter allen Wetterbedingungen.<\/p>\n<h2>Warum eine hocheffiziente LED?<\/h2>\n<p>Dieses hocheffiziente LED-Modul 100 lm\/W 0,72W ( Wei\u00df ) ist ideal, um eine einzigartige und gem\u00fctliche Atmosph\u00e4re zu schaffen. Seine Energieeffizienz und Langlebigkeit machen es zu einer ausgezeichneten Wahl f\u00fcr Beleuchtungsprofis.<\/p>\n<p>W\u00e4hlen Sie das Beste f\u00fcr Ihre Projekte und bereichern Sie Ihre Kreationen mit einem professionellen, zuverl\u00e4ssigen und hochwertigen LED-Modul!<\/p>","protected":false},"excerpt":{"rendered":"<p>Hocheffizientes LED-Modul 100 lm\/W mit 175\u00b0 Abstrahlwinkel. Farbe Wei\u00df oder farbig<\/p>","protected":false},"featured_media":13572,"comment_status":"open","ping_status":"closed","template":"","meta":[],"product_brand":[],"product_cat":[155,163,461,456,495],"product_tag":[],"class_list":{"0":"post-13234","1":"product","2":"type-product","3":"status-publish","4":"has-post-thumbnail","6":"product_cat-moduli-led","7":"product_cat-monofacciali-lettere","8":"product_cat-prodotti-da-esterno","9":"product_cat-prodotti-per-monofacciali","10":"product_cat-tutti-i-prodotti","11":"pa_colore-3000k","12":"pa_colore-4000k","13":"pa_colore-6700k","14":"pa_colore-blue","15":"pa_colore-green","16":"pa_colore-red","18":"first","19":"instock","20":"taxable","21":"shipping-taxable","22":"purchasable","23":"product-type-variable"},"yoast_head":"<!-- This site is optimized with the Yoast SEO plugin v27.5 - https:\/\/yoast.com\/product\/yoast-seo-wordpress\/ -->\n<title>Modulo LED 2 Diodi - 0.72W 175\u00b0 - Easy LED Store<\/title>\n<meta name=\"description\" content=\"LED alta efficienza 100 lm\/W 0.72W Bianco o Colorato con Angolo del fascio luminoso da 175\u00b0 - Grado di protezione IP68\" \/>\n<meta name=\"robots\" content=\"index, follow, max-snippet:-1, max-image-preview:large, max-video-preview:-1\" \/>\n<link rel=\"canonical\" href=\"https:\/\/easyledstore.it\/de\/produkt\/led-modul-2-dioden\/\" \/>\n<meta property=\"og:locale\" content=\"de_DE\" \/>\n<meta property=\"og:type\" content=\"article\" \/>\n<meta property=\"og:title\" content=\"Modulo LED 2 Diodi - 0.72W 175\u00b0 - Easy LED Store\" \/>\n<meta property=\"og:description\" content=\"LED alta efficienza 100 lm\/W 0.72W Bianco o Colorato con Angolo del fascio luminoso da 175\u00b0 - Grado di protezione IP68\" \/>\n<meta property=\"og:url\" content=\"https:\/\/easyledstore.it\/de\/produkt\/led-modul-2-dioden\/\" \/>\n<meta property=\"og:site_name\" content=\"Easy LED Store\" \/>\n<meta property=\"article:publisher\" content=\"https:\/\/www.facebook.com\/easyledstore\" \/>\n<meta property=\"article:modified_time\" content=\"2026-05-06T10:29:03+00:00\" \/>\n<meta property=\"og:image\" content=\"https:\/\/easyledstore.it\/wp-content\/uploads\/2026\/03\/2DIODI.png\" \/>\n\t<meta property=\"og:image:width\" content=\"2000\" \/>\n\t<meta property=\"og:image:height\" content=\"2000\" \/>\n\t<meta property=\"og:image:type\" content=\"image\/png\" \/>\n<meta name=\"twitter:card\" content=\"summary_large_image\" \/>\n<meta name=\"twitter:label1\" content=\"Gesch\u00e4tzte Lesezeit\" \/>\n\t<meta name=\"twitter:data1\" content=\"2\u00a0Minuten\" \/>\n<script type=\"application\/ld+json\" class=\"yoast-schema-graph\">{\"@context\":\"https:\\\/\\\/schema.org\",\"@graph\":[{\"@type\":\"WebPage\",\"@id\":\"https:\\\/\\\/easyledstore.it\\\/prodotto\\\/modulo-led-2-diodi\\\/\",\"url\":\"https:\\\/\\\/easyledstore.it\\\/prodotto\\\/modulo-led-2-diodi\\\/\",\"name\":\"Modulo LED 2 Diodi - 0.72W 175\u00b0 - Easy LED Store\",\"isPartOf\":{\"@id\":\"https:\\\/\\\/easyledstore.it\\\/#website\"},\"primaryImageOfPage\":{\"@id\":\"https:\\\/\\\/easyledstore.it\\\/prodotto\\\/modulo-led-2-diodi\\\/#primaryimage\"},\"image\":{\"@id\":\"https:\\\/\\\/easyledstore.it\\\/prodotto\\\/modulo-led-2-diodi\\\/#primaryimage\"},\"thumbnailUrl\":\"https:\\\/\\\/easyledstore.it\\\/wp-content\\\/uploads\\\/2026\\\/03\\\/2DIODI.png\",\"datePublished\":\"2026-03-23T07:37:04+00:00\",\"dateModified\":\"2026-05-06T10:29:03+00:00\",\"description\":\"LED alta efficienza 100 lm\\\/W 0.72W Bianco o Colorato con Angolo del fascio luminoso da 175\u00b0 - Grado di protezione IP68\",\"breadcrumb\":{\"@id\":\"https:\\\/\\\/easyledstore.it\\\/prodotto\\\/modulo-led-2-diodi\\\/#breadcrumb\"},\"inLanguage\":\"de\",\"potentialAction\":[{\"@type\":\"ReadAction\",\"target\":[\"https:\\\/\\\/easyledstore.it\\\/prodotto\\\/modulo-led-2-diodi\\\/\"]}]},{\"@type\":\"ImageObject\",\"inLanguage\":\"de\",\"@id\":\"https:\\\/\\\/easyledstore.it\\\/prodotto\\\/modulo-led-2-diodi\\\/#primaryimage\",\"url\":\"https:\\\/\\\/easyledstore.it\\\/wp-content\\\/uploads\\\/2026\\\/03\\\/2DIODI.png\",\"contentUrl\":\"https:\\\/\\\/easyledstore.it\\\/wp-content\\\/uploads\\\/2026\\\/03\\\/2DIODI.png\",\"width\":2000,\"height\":2000},{\"@type\":\"BreadcrumbList\",\"@id\":\"https:\\\/\\\/easyledstore.it\\\/prodotto\\\/modulo-led-2-diodi\\\/#breadcrumb\",\"itemListElement\":[{\"@type\":\"ListItem\",\"position\":1,\"name\":\"Home\",\"item\":\"https:\\\/\\\/easyledstore.it\\\/\"},{\"@type\":\"ListItem\",\"position\":2,\"name\":\"Shop\",\"item\":\"https:\\\/\\\/easyledstore.it\\\/shop\\\/\"},{\"@type\":\"ListItem\",\"position\":3,\"name\":\"Modulo LED 2 Diodi &#8211; 0.72W 175\u00b0\"}]},{\"@type\":\"WebSite\",\"@id\":\"https:\\\/\\\/easyledstore.it\\\/#website\",\"url\":\"https:\\\/\\\/easyledstore.it\\\/\",\"name\":\"Easy LED Store\",\"description\":\"Tutto per le insegne luminose\",\"publisher\":{\"@id\":\"https:\\\/\\\/easyledstore.it\\\/#organization\"},\"potentialAction\":[{\"@type\":\"SearchAction\",\"target\":{\"@type\":\"EntryPoint\",\"urlTemplate\":\"https:\\\/\\\/easyledstore.it\\\/?s={search_term_string}\"},\"query-input\":{\"@type\":\"PropertyValueSpecification\",\"valueRequired\":true,\"valueName\":\"search_term_string\"}}],\"inLanguage\":\"de\"},{\"@type\":\"Organization\",\"@id\":\"https:\\\/\\\/easyledstore.it\\\/#organization\",\"name\":\"Easy LED Store\",\"url\":\"https:\\\/\\\/easyledstore.it\\\/\",\"logo\":{\"@type\":\"ImageObject\",\"inLanguage\":\"de\",\"@id\":\"https:\\\/\\\/easyledstore.it\\\/#\\\/schema\\\/logo\\\/image\\\/\",\"url\":\"https:\\\/\\\/easyledstore.it\\\/wp-content\\\/uploads\\\/2026\\\/04\\\/EasyLed-BY-DIRECTAGROUP.png\",\"contentUrl\":\"https:\\\/\\\/easyledstore.it\\\/wp-content\\\/uploads\\\/2026\\\/04\\\/EasyLed-BY-DIRECTAGROUP.png\",\"width\":1500,\"height\":367,\"caption\":\"Easy LED Store\"},\"image\":{\"@id\":\"https:\\\/\\\/easyledstore.it\\\/#\\\/schema\\\/logo\\\/image\\\/\"},\"sameAs\":[\"https:\\\/\\\/www.facebook.com\\\/easyledstore\",\"https:\\\/\\\/www.instagram.com\\\/easyledstore.it\",\"https:\\\/\\\/www.youtube.com\\\/channel\\\/UCadmBU3-vC9_KmxdkWDh8IQ\",\"https:\\\/\\\/wa.me\\\/393532091766\",\"https:\\\/\\\/www.tiktok.com\\\/@easyledstore.it\"]}]}<\/script>\n<!-- \/ Yoast SEO plugin. -->","yoast_head_json":{"title":"LED-Modul 2 Dioden - 0.72W 175\u00b0 - Easy LED Store","description":"Hocheffiziente LED 100 lm\/W 0,72W Wei\u00df oder farbig mit 175\u00b0 Abstrahlwinkel - Schutzklasse IP68","robots":{"index":"index","follow":"follow","max-snippet":"max-snippet:-1","max-image-preview":"max-image-preview:large","max-video-preview":"max-video-preview:-1"},"canonical":"https:\/\/easyledstore.it\/de\/produkt\/led-modul-2-dioden\/","og_locale":"de_DE","og_type":"article","og_title":"Modulo LED 2 Diodi - 0.72W 175\u00b0 - Easy LED Store","og_description":"LED alta efficienza 100 lm\/W 0.72W Bianco o Colorato con Angolo del fascio luminoso da 175\u00b0 - Grado di protezione IP68","og_url":"https:\/\/easyledstore.it\/de\/produkt\/led-modul-2-dioden\/","og_site_name":"Easy LED Store","article_publisher":"https:\/\/www.facebook.com\/easyledstore","article_modified_time":"2026-05-06T10:29:03+00:00","og_image":[{"width":2000,"height":2000,"url":"https:\/\/easyledstore.it\/wp-content\/uploads\/2026\/03\/2DIODI.png","type":"image\/png"}],"twitter_card":"summary_large_image","twitter_misc":{"Gesch\u00e4tzte Lesezeit":"2\u00a0Minuten"},"schema":{"@context":"https:\/\/schema.org","@graph":[{"@type":"WebPage","@id":"https:\/\/easyledstore.it\/prodotto\/modulo-led-2-diodi\/","url":"https:\/\/easyledstore.it\/prodotto\/modulo-led-2-diodi\/","name":"LED-Modul 2 Dioden - 0.72W 175\u00b0 - Easy LED Store","isPartOf":{"@id":"https:\/\/easyledstore.it\/#website"},"primaryImageOfPage":{"@id":"https:\/\/easyledstore.it\/prodotto\/modulo-led-2-diodi\/#primaryimage"},"image":{"@id":"https:\/\/easyledstore.it\/prodotto\/modulo-led-2-diodi\/#primaryimage"},"thumbnailUrl":"https:\/\/easyledstore.it\/wp-content\/uploads\/2026\/03\/2DIODI.png","datePublished":"2026-03-23T07:37:04+00:00","dateModified":"2026-05-06T10:29:03+00:00","description":"Hocheffiziente LED 100 lm\/W 0,72W Wei\u00df oder farbig mit 175\u00b0 Abstrahlwinkel - Schutzklasse IP68","breadcrumb":{"@id":"https:\/\/easyledstore.it\/prodotto\/modulo-led-2-diodi\/#breadcrumb"},"inLanguage":"de","potentialAction":[{"@type":"ReadAction","target":["https:\/\/easyledstore.it\/prodotto\/modulo-led-2-diodi\/"]}]},{"@type":"ImageObject","inLanguage":"de","@id":"https:\/\/easyledstore.it\/prodotto\/modulo-led-2-diodi\/#primaryimage","url":"https:\/\/easyledstore.it\/wp-content\/uploads\/2026\/03\/2DIODI.png","contentUrl":"https:\/\/easyledstore.it\/wp-content\/uploads\/2026\/03\/2DIODI.png","width":2000,"height":2000},{"@type":"BreadcrumbList","@id":"https:\/\/easyledstore.it\/prodotto\/modulo-led-2-diodi\/#breadcrumb","itemListElement":[{"@type":"ListItem","position":1,"name":"Home","item":"https:\/\/easyledstore.it\/"},{"@type":"ListItem","position":2,"name":"Shop","item":"https:\/\/easyledstore.it\/shop\/"},{"@type":"ListItem","position":3,"name":"Modulo LED 2 Diodi &#8211; 0.72W 175\u00b0"}]},{"@type":"WebSite","@id":"https:\/\/easyledstore.it\/#website","url":"https:\/\/easyledstore.it\/","name":"Einfacher LED-Speicher","description":"Alles f\u00fcr die Beschilderung","publisher":{"@id":"https:\/\/easyledstore.it\/#organization"},"potentialAction":[{"@type":"SearchAction","target":{"@type":"EntryPoint","urlTemplate":"https:\/\/easyledstore.it\/?s={search_term_string}"},"query-input":{"@type":"PropertyValueSpecification","valueRequired":true,"valueName":"search_term_string"}}],"inLanguage":"de"},{"@type":"Organization","@id":"https:\/\/easyledstore.it\/#organization","name":"Einfacher LED-Speicher","url":"https:\/\/easyledstore.it\/","logo":{"@type":"ImageObject","inLanguage":"de","@id":"https:\/\/easyledstore.it\/#\/schema\/logo\/image\/","url":"https:\/\/easyledstore.it\/wp-content\/uploads\/2026\/04\/EasyLed-BY-DIRECTAGROUP.png","contentUrl":"https:\/\/easyledstore.it\/wp-content\/uploads\/2026\/04\/EasyLed-BY-DIRECTAGROUP.png","width":1500,"height":367,"caption":"Easy LED Store"},"image":{"@id":"https:\/\/easyledstore.it\/#\/schema\/logo\/image\/"},"sameAs":["https:\/\/www.facebook.com\/easyledstore","https:\/\/www.instagram.com\/easyledstore.it","https:\/\/www.youtube.com\/channel\/UCadmBU3-vC9_KmxdkWDh8IQ","https:\/\/wa.me\/393532091766","https:\/\/www.tiktok.com\/@easyledstore.it"]}]}},"_links":{"self":[{"href":"https:\/\/easyledstore.it\/de\/wp-json\/wp\/v2\/product\/13234","targetHints":{"allow":["GET"]}}],"collection":[{"href":"https:\/\/easyledstore.it\/de\/wp-json\/wp\/v2\/product"}],"about":[{"href":"https:\/\/easyledstore.it\/de\/wp-json\/wp\/v2\/types\/product"}],"replies":[{"embeddable":true,"href":"https:\/\/easyledstore.it\/de\/wp-json\/wp\/v2\/comments?post=13234"}],"wp:featuredmedia":[{"embeddable":true,"href":"https:\/\/easyledstore.it\/de\/wp-json\/wp\/v2\/media\/13572"}],"wp:attachment":[{"href":"https:\/\/easyledstore.it\/de\/wp-json\/wp\/v2\/media?parent=13234"}],"wp:term":[{"taxonomy":"product_brand","embeddable":true,"href":"https:\/\/easyledstore.it\/de\/wp-json\/wp\/v2\/product_brand?post=13234"},{"taxonomy":"product_cat","embeddable":true,"href":"https:\/\/easyledstore.it\/de\/wp-json\/wp\/v2\/product_cat?post=13234"},{"taxonomy":"product_tag","embeddable":true,"href":"https:\/\/easyledstore.it\/de\/wp-json\/wp\/v2\/product_tag?post=13234"}],"curies":[{"name":"wp","href":"https:\/\/api.w.org\/{rel}","templated":true}]}}