{"id":12312,"date":"2026-02-12T09:14:11","date_gmt":"2026-02-12T09:14:11","guid":{"rendered":"https:\/\/easyledstore.it\/?post_type=product&#038;p=12312"},"modified":"2026-05-04T09:08:12","modified_gmt":"2026-05-04T09:08:12","slug":"module-led-a-haute-efficacite-a-3-diodes","status":"publish","type":"product","link":"https:\/\/easyledstore.it\/fr\/prodotto\/modulo-led-3-diodi-alta-efficienza\/","title":{"rendered":"Module LED 3 Diodes - 1W 175\u00b0."},"content":{"rendered":"","protected":false},"excerpt":{"rendered":"<h2>Qualit\u00e0 Certificata per la Tua Sicurezza<\/h2>\n<p>Scopri il nostro prodotto certificato CE, sinonimo di affidabilit\u00e0 e conformit\u00e0 agli standard europei pi\u00f9 rigorosi. Progettato per offrire massima tranquillit\u00e0, \u00e8 la scelta ideale per chi cerca prodotti performanti e sicuri.<\/p>\n<h2>Garanzia di 5 Anni: Pi\u00f9 Durata, Pi\u00f9 Serenit\u00e0<\/h2>\n<p>Con un&#8217;incredibile garanzia di 5 anni, questo prodotto \u00e8 pensato per accompagnarti a lungo nel tempo, senza compromessi sulla qualit\u00e0. La garanzia estesa riflette la nostra fiducia nella sua durevolezza ed eccellenza.<\/p>\n<h2>Perfetto per Utenti Esigenti<\/h2>\n<p>Il prodotto rappresenta una soluzione ideale per chi desidera combinare sicurezza, durata e affidabilit\u00e0. Scegli questa certificazione di qualit\u00e0 per migliorare la tua esperienza quotidiana e investire in un&#8217;opzione garantita.<\/p>","protected":false},"featured_media":12473,"comment_status":"open","ping_status":"closed","template":"","meta":[],"product_brand":[],"product_cat":[155,163,461,495],"product_tag":[],"class_list":{"0":"post-12312","1":"product","2":"type-product","3":"status-publish","4":"has-post-thumbnail","6":"product_cat-moduli-led","7":"product_cat-monofacciali-lettere","8":"product_cat-prodotti-da-esterno","9":"product_cat-tutti-i-prodotti","10":"pa_colore-10000k","11":"pa_colore-3000k","12":"pa_colore-4000k","13":"pa_colore-6700k","14":"pa_colore-red","16":"first","17":"instock","18":"taxable","19":"shipping-taxable","20":"purchasable","21":"product-type-variable"},"yoast_head":"<!-- This site is optimized with the Yoast SEO plugin v27.5 - https:\/\/yoast.com\/product\/yoast-seo-wordpress\/ -->\n<title>Modulo LED 3 Diodi - 1W 175\u00b0 - Easy LED Store<\/title>\n<meta name=\"robots\" content=\"index, follow, max-snippet:-1, max-image-preview:large, max-video-preview:-1\" \/>\n<link rel=\"canonical\" href=\"https:\/\/easyledstore.it\/fr\/produit\/module-led-a-haute-efficacite-a-3-diodes\/\" \/>\n<meta property=\"og:locale\" content=\"fr_FR\" \/>\n<meta property=\"og:type\" content=\"article\" \/>\n<meta property=\"og:title\" content=\"Modulo LED 3 Diodi - 1W 175\u00b0 - Easy LED Store\" \/>\n<meta property=\"og:description\" content=\"Qualit\u00e0 Certificata per la Tua Sicurezza Scopri il nostro prodotto certificato CE, sinonimo di affidabilit\u00e0 e conformit\u00e0 agli standard europei pi\u00f9 rigorosi. Progettato per offrire massima tranquillit\u00e0, \u00e8 la scelta ideale per chi cerca prodotti performanti e sicuri. Garanzia di 5 Anni: Pi\u00f9 Durata, Pi\u00f9 Serenit\u00e0 Con un&#039;incredibile garanzia di 5 anni, questo prodotto \u00e8 pensato per accompagnarti a lungo nel tempo, senza compromessi sulla qualit\u00e0. La garanzia estesa riflette la nostra fiducia nella sua durevolezza ed eccellenza. Perfetto per Utenti Esigenti Il prodotto rappresenta una soluzione ideale per chi desidera combinare sicurezza, durata e affidabilit\u00e0. Scegli questa certificazione di qualit\u00e0 per migliorare la tua esperienza quotidiana e investire in un&#039;opzione garantita.\" \/>\n<meta property=\"og:url\" content=\"https:\/\/easyledstore.it\/fr\/produit\/module-led-a-haute-efficacite-a-3-diodes\/\" \/>\n<meta property=\"og:site_name\" content=\"Easy LED Store\" \/>\n<meta property=\"article:publisher\" content=\"https:\/\/www.facebook.com\/easyledstore\" \/>\n<meta property=\"article:modified_time\" content=\"2026-05-04T09:08:12+00:00\" \/>\n<meta property=\"og:image\" content=\"https:\/\/easyledstore.it\/wp-content\/uploads\/2026\/02\/3.jpg\" \/>\n\t<meta property=\"og:image:width\" content=\"1000\" \/>\n\t<meta property=\"og:image:height\" content=\"1000\" \/>\n\t<meta property=\"og:image:type\" content=\"image\/jpeg\" \/>\n<meta name=\"twitter:card\" content=\"summary_large_image\" \/>\n<script type=\"application\/ld+json\" class=\"yoast-schema-graph\">{\"@context\":\"https:\\\/\\\/schema.org\",\"@graph\":[{\"@type\":\"WebPage\",\"@id\":\"https:\\\/\\\/easyledstore.it\\\/prodotto\\\/modulo-led-3-diodi-alta-efficienza\\\/\",\"url\":\"https:\\\/\\\/easyledstore.it\\\/prodotto\\\/modulo-led-3-diodi-alta-efficienza\\\/\",\"name\":\"Modulo LED 3 Diodi - 1W 175\u00b0 - Easy LED Store\",\"isPartOf\":{\"@id\":\"https:\\\/\\\/easyledstore.it\\\/#website\"},\"primaryImageOfPage\":{\"@id\":\"https:\\\/\\\/easyledstore.it\\\/prodotto\\\/modulo-led-3-diodi-alta-efficienza\\\/#primaryimage\"},\"image\":{\"@id\":\"https:\\\/\\\/easyledstore.it\\\/prodotto\\\/modulo-led-3-diodi-alta-efficienza\\\/#primaryimage\"},\"thumbnailUrl\":\"https:\\\/\\\/easyledstore.it\\\/wp-content\\\/uploads\\\/2026\\\/02\\\/3.jpg\",\"datePublished\":\"2026-02-12T09:14:11+00:00\",\"dateModified\":\"2026-05-04T09:08:12+00:00\",\"breadcrumb\":{\"@id\":\"https:\\\/\\\/easyledstore.it\\\/prodotto\\\/modulo-led-3-diodi-alta-efficienza\\\/#breadcrumb\"},\"inLanguage\":\"fr-FR\",\"potentialAction\":[{\"@type\":\"ReadAction\",\"target\":[\"https:\\\/\\\/easyledstore.it\\\/prodotto\\\/modulo-led-3-diodi-alta-efficienza\\\/\"]}]},{\"@type\":\"ImageObject\",\"inLanguage\":\"fr-FR\",\"@id\":\"https:\\\/\\\/easyledstore.it\\\/prodotto\\\/modulo-led-3-diodi-alta-efficienza\\\/#primaryimage\",\"url\":\"https:\\\/\\\/easyledstore.it\\\/wp-content\\\/uploads\\\/2026\\\/02\\\/3.jpg\",\"contentUrl\":\"https:\\\/\\\/easyledstore.it\\\/wp-content\\\/uploads\\\/2026\\\/02\\\/3.jpg\",\"width\":1000,\"height\":1000},{\"@type\":\"BreadcrumbList\",\"@id\":\"https:\\\/\\\/easyledstore.it\\\/prodotto\\\/modulo-led-3-diodi-alta-efficienza\\\/#breadcrumb\",\"itemListElement\":[{\"@type\":\"ListItem\",\"position\":1,\"name\":\"Home\",\"item\":\"https:\\\/\\\/easyledstore.it\\\/\"},{\"@type\":\"ListItem\",\"position\":2,\"name\":\"Shop\",\"item\":\"https:\\\/\\\/easyledstore.it\\\/shop\\\/\"},{\"@type\":\"ListItem\",\"position\":3,\"name\":\"Modulo LED 3 Diodi &#8211; 1W 175\u00b0\"}]},{\"@type\":\"WebSite\",\"@id\":\"https:\\\/\\\/easyledstore.it\\\/#website\",\"url\":\"https:\\\/\\\/easyledstore.it\\\/\",\"name\":\"Easy LED Store\",\"description\":\"Tutto per le insegne luminose\",\"publisher\":{\"@id\":\"https:\\\/\\\/easyledstore.it\\\/#organization\"},\"potentialAction\":[{\"@type\":\"SearchAction\",\"target\":{\"@type\":\"EntryPoint\",\"urlTemplate\":\"https:\\\/\\\/easyledstore.it\\\/?s={search_term_string}\"},\"query-input\":{\"@type\":\"PropertyValueSpecification\",\"valueRequired\":true,\"valueName\":\"search_term_string\"}}],\"inLanguage\":\"fr-FR\"},{\"@type\":\"Organization\",\"@id\":\"https:\\\/\\\/easyledstore.it\\\/#organization\",\"name\":\"Easy LED Store\",\"url\":\"https:\\\/\\\/easyledstore.it\\\/\",\"logo\":{\"@type\":\"ImageObject\",\"inLanguage\":\"fr-FR\",\"@id\":\"https:\\\/\\\/easyledstore.it\\\/#\\\/schema\\\/logo\\\/image\\\/\",\"url\":\"https:\\\/\\\/easyledstore.it\\\/wp-content\\\/uploads\\\/2026\\\/04\\\/EasyLed-BY-DIRECTAGROUP.png\",\"contentUrl\":\"https:\\\/\\\/easyledstore.it\\\/wp-content\\\/uploads\\\/2026\\\/04\\\/EasyLed-BY-DIRECTAGROUP.png\",\"width\":1500,\"height\":367,\"caption\":\"Easy LED Store\"},\"image\":{\"@id\":\"https:\\\/\\\/easyledstore.it\\\/#\\\/schema\\\/logo\\\/image\\\/\"},\"sameAs\":[\"https:\\\/\\\/www.facebook.com\\\/easyledstore\",\"https:\\\/\\\/www.instagram.com\\\/easyledstore.it\",\"https:\\\/\\\/www.youtube.com\\\/channel\\\/UCadmBU3-vC9_KmxdkWDh8IQ\",\"https:\\\/\\\/wa.me\\\/393532091766\",\"https:\\\/\\\/www.tiktok.com\\\/@easyledstore.it\"]}]}<\/script>\n<!-- \/ Yoast SEO plugin. -->","yoast_head_json":{"title":"Modulo LED 3 Diodi - 1W 175\u00b0 - Easy LED Store","robots":{"index":"index","follow":"follow","max-snippet":"max-snippet:-1","max-image-preview":"max-image-preview:large","max-video-preview":"max-video-preview:-1"},"canonical":"https:\/\/easyledstore.it\/fr\/produit\/module-led-a-haute-efficacite-a-3-diodes\/","og_locale":"fr_FR","og_type":"article","og_title":"Modulo LED 3 Diodi - 1W 175\u00b0 - Easy LED Store","og_description":"Qualit\u00e0 Certificata per la Tua Sicurezza Scopri il nostro prodotto certificato CE, sinonimo di affidabilit\u00e0 e conformit\u00e0 agli standard europei pi\u00f9 rigorosi. Progettato per offrire massima tranquillit\u00e0, \u00e8 la scelta ideale per chi cerca prodotti performanti e sicuri. Garanzia di 5 Anni: Pi\u00f9 Durata, Pi\u00f9 Serenit\u00e0 Con un'incredibile garanzia di 5 anni, questo prodotto \u00e8 pensato per accompagnarti a lungo nel tempo, senza compromessi sulla qualit\u00e0. La garanzia estesa riflette la nostra fiducia nella sua durevolezza ed eccellenza. Perfetto per Utenti Esigenti Il prodotto rappresenta una soluzione ideale per chi desidera combinare sicurezza, durata e affidabilit\u00e0. Scegli questa certificazione di qualit\u00e0 per migliorare la tua esperienza quotidiana e investire in un'opzione garantita.","og_url":"https:\/\/easyledstore.it\/fr\/produit\/module-led-a-haute-efficacite-a-3-diodes\/","og_site_name":"Easy LED Store","article_publisher":"https:\/\/www.facebook.com\/easyledstore","article_modified_time":"2026-05-04T09:08:12+00:00","og_image":[{"width":1000,"height":1000,"url":"https:\/\/easyledstore.it\/wp-content\/uploads\/2026\/02\/3.jpg","type":"image\/jpeg"}],"twitter_card":"summary_large_image","schema":{"@context":"https:\/\/schema.org","@graph":[{"@type":"WebPage","@id":"https:\/\/easyledstore.it\/prodotto\/modulo-led-3-diodi-alta-efficienza\/","url":"https:\/\/easyledstore.it\/prodotto\/modulo-led-3-diodi-alta-efficienza\/","name":"Modulo LED 3 Diodi - 1W 175\u00b0 - Easy LED Store","isPartOf":{"@id":"https:\/\/easyledstore.it\/#website"},"primaryImageOfPage":{"@id":"https:\/\/easyledstore.it\/prodotto\/modulo-led-3-diodi-alta-efficienza\/#primaryimage"},"image":{"@id":"https:\/\/easyledstore.it\/prodotto\/modulo-led-3-diodi-alta-efficienza\/#primaryimage"},"thumbnailUrl":"https:\/\/easyledstore.it\/wp-content\/uploads\/2026\/02\/3.jpg","datePublished":"2026-02-12T09:14:11+00:00","dateModified":"2026-05-04T09:08:12+00:00","breadcrumb":{"@id":"https:\/\/easyledstore.it\/prodotto\/modulo-led-3-diodi-alta-efficienza\/#breadcrumb"},"inLanguage":"fr-FR","potentialAction":[{"@type":"ReadAction","target":["https:\/\/easyledstore.it\/prodotto\/modulo-led-3-diodi-alta-efficienza\/"]}]},{"@type":"ImageObject","inLanguage":"fr-FR","@id":"https:\/\/easyledstore.it\/prodotto\/modulo-led-3-diodi-alta-efficienza\/#primaryimage","url":"https:\/\/easyledstore.it\/wp-content\/uploads\/2026\/02\/3.jpg","contentUrl":"https:\/\/easyledstore.it\/wp-content\/uploads\/2026\/02\/3.jpg","width":1000,"height":1000},{"@type":"BreadcrumbList","@id":"https:\/\/easyledstore.it\/prodotto\/modulo-led-3-diodi-alta-efficienza\/#breadcrumb","itemListElement":[{"@type":"ListItem","position":1,"name":"Home","item":"https:\/\/easyledstore.it\/"},{"@type":"ListItem","position":2,"name":"Shop","item":"https:\/\/easyledstore.it\/shop\/"},{"@type":"ListItem","position":3,"name":"Modulo LED 3 Diodi &#8211; 1W 175\u00b0"}]},{"@type":"WebSite","@id":"https:\/\/easyledstore.it\/#website","url":"https:\/\/easyledstore.it\/","name":"Easy LED Store","description":"Tout pour la signalisation","publisher":{"@id":"https:\/\/easyledstore.it\/#organization"},"potentialAction":[{"@type":"SearchAction","target":{"@type":"EntryPoint","urlTemplate":"https:\/\/easyledstore.it\/?s={search_term_string}"},"query-input":{"@type":"PropertyValueSpecification","valueRequired":true,"valueName":"search_term_string"}}],"inLanguage":"fr-FR"},{"@type":"Organization","@id":"https:\/\/easyledstore.it\/#organization","name":"Easy LED Store","url":"https:\/\/easyledstore.it\/","logo":{"@type":"ImageObject","inLanguage":"fr-FR","@id":"https:\/\/easyledstore.it\/#\/schema\/logo\/image\/","url":"https:\/\/easyledstore.it\/wp-content\/uploads\/2026\/04\/EasyLed-BY-DIRECTAGROUP.png","contentUrl":"https:\/\/easyledstore.it\/wp-content\/uploads\/2026\/04\/EasyLed-BY-DIRECTAGROUP.png","width":1500,"height":367,"caption":"Easy LED Store"},"image":{"@id":"https:\/\/easyledstore.it\/#\/schema\/logo\/image\/"},"sameAs":["https:\/\/www.facebook.com\/easyledstore","https:\/\/www.instagram.com\/easyledstore.it","https:\/\/www.youtube.com\/channel\/UCadmBU3-vC9_KmxdkWDh8IQ","https:\/\/wa.me\/393532091766","https:\/\/www.tiktok.com\/@easyledstore.it"]}]}},"_links":{"self":[{"href":"https:\/\/easyledstore.it\/fr\/wp-json\/wp\/v2\/product\/12312","targetHints":{"allow":["GET"]}}],"collection":[{"href":"https:\/\/easyledstore.it\/fr\/wp-json\/wp\/v2\/product"}],"about":[{"href":"https:\/\/easyledstore.it\/fr\/wp-json\/wp\/v2\/types\/product"}],"replies":[{"embeddable":true,"href":"https:\/\/easyledstore.it\/fr\/wp-json\/wp\/v2\/comments?post=12312"}],"wp:featuredmedia":[{"embeddable":true,"href":"https:\/\/easyledstore.it\/fr\/wp-json\/wp\/v2\/media\/12473"}],"wp:attachment":[{"href":"https:\/\/easyledstore.it\/fr\/wp-json\/wp\/v2\/media?parent=12312"}],"wp:term":[{"taxonomy":"product_brand","embeddable":true,"href":"https:\/\/easyledstore.it\/fr\/wp-json\/wp\/v2\/product_brand?post=12312"},{"taxonomy":"product_cat","embeddable":true,"href":"https:\/\/easyledstore.it\/fr\/wp-json\/wp\/v2\/product_cat?post=12312"},{"taxonomy":"product_tag","embeddable":true,"href":"https:\/\/easyledstore.it\/fr\/wp-json\/wp\/v2\/product_tag?post=12312"}],"curies":[{"name":"wp","href":"https:\/\/api.w.org\/{rel}","templated":true}]}}